{"id":178,"date":"2023-05-11T04:04:33","date_gmt":"2023-05-11T04:04:33","guid":{"rendered":"https:\/\/dietmoitangocgiare.net\/?post_type=product&#038;p=178"},"modified":"2023-10-12T03:18:30","modified_gmt":"2023-10-12T03:18:30","slug":"may-thoi-khi-robuschi-crbs-va-grbs-3","status":"publish","type":"product","link":"https:\/\/sam.vinastar.info\/?product=may-thoi-khi-robuschi-crbs-va-grbs-3","title":{"rendered":"B\u1ed9 qu\u00e0 nh\u00e2n s\u00e2m ch\u00ednh h\u00e3ng H\u00e0n Qu\u1ed1c"},"content":{"rendered":"<p>V\u00f2i KM6061EC c\u00f3 2 ch\u1ebf \u0111\u1ed9 x\u1ea3 n\u01b0\u1edbc: d\u1ea1ng x\u1ea3 th\u1eb3ng v\u00e0 v\u00f2i sen. Ng\u01b0\u1eddi d\u00f9ng d\u1ec5 d\u00e0ng chuy\u1ec3n \u0111\u1ed5i gi\u1eefa 2 ch\u1ebf \u0111\u1ed9 n\u00e0y b\u1eb1ng c\u00e1ch \u1ea5n n\u00fat chuy\u1ec3n \u0111\u1ed5i \u0111\u01b0\u1ee3c b\u1ed1 tr\u00ed \u1edf ngay \u0111\u1ea7u v\u00f2i. \u0110\u1eb7c bi\u1ec7t, v\u1edbi c\u00e1c l\u1ed7 nh\u1ecf li ti \u1edf \u0111\u1ea7u v\u00f2i hoa sen v\u1eeba gi\u00fap ti\u1ebft ki\u1ec7m n\u01b0\u1edbc hi\u1ec7u qu\u1ea3 v\u1eeba tr\u00e1nh t\u00ecnh tr\u1ea1ng n\u01b0\u1edbc b\u1eafn ra xung quanh. \u0110\u00e2y c\u0169ng ch\u00ednh l\u00e0 m\u1ed9t \u0111i\u1ec3m c\u1ed9ng l\u1edbn c\u1ee7a d\u00f2ng v\u00f2i n\u00f3ng l\u1ea1nh t\u1edbi t\u1eeb h\u00e3ng KVK.<\/p>\n<p>V\u00f2i b\u1ebfp KM6061EC thi\u1ebft k\u1ebf c\u1ea7n g\u1ea1t th\u00f4ng minh v\u1edbi c\u1ea3m gi\u00e1c ch\u1ea1m t\u1ea1i v\u1ecb tr\u00ed l\u01b0\u1ee3ng n\u01b0\u1edbc ph\u00f9 h\u1ee3p. Ng\u01b0\u1eddi d\u00f9ng nhanh ch\u00f3ng nh\u1eadn bi\u1ebft \u0111ang \u1edf ch\u1ebf \u0111\u1ed9 n\u01b0\u1edbc n\u00e0o: n\u01b0\u1edbc l\u1ea1nh, n\u01b0\u1edbc h\u1ed7n h\u1ee3p, n\u01b0\u1edbc n\u00f3ng. T\u1eeb \u0111\u00f3 d\u1ec5 d\u00e0ng chuy\u1ec3n \u0111\u1ed5i ch\u1ebf \u0111\u1ed9 n\u01b0\u1edbc, l\u01b0\u1ee3ng n\u01b0\u1edbc th\u00edch h\u1ee3p.<\/p>\n<p>Ngo\u00e0i ra, s\u1eed d\u1ee5ng v\u00f2i n\u00f3ng l\u1ea1nh KM6061EC c\u00f2n gi\u00fap b\u1ea1n ti\u1ebft ki\u1ec7m n\u01b0\u1edbc n\u00f3ng hi\u1ec7u qu\u1ea3. B\u1edfi ph\u1ea7n l\u1edbn cho n\u01b0\u1edbc l\u1ea1nh ch\u1ea3y ra t\u1eeb d\u01b0\u1edbi cho t\u1edbi trung t\u00e2m n\u00ean d\u00f9 b\u1ea1n v\u00f4 t\u00ecnh thao t\u00e1c c\u1ea7n g\u1ea1t \u1edf v\u1ecb tr\u00ed trung t\u00e2m th\u00ec ch\u1ec9 c\u00f3 n\u01b0\u1edbc l\u1ea1nh ch\u1ea3y ra m\u00e0 th\u00f4i. \u0110i\u1ec1u n\u00e0y gi\u00fap n\u01b0\u1edbc n\u00f3ng kh\u00f4ng b\u1ecb x\u1ea3 ra m\u1ed9t c\u00e1ch l\u00e3ng ph\u00ed c\u0169ng nh\u01b0 tr\u00e1nh g\u00e2y nguy hi\u1ec3m, n\u00f3ng b\u1ecfng.<\/p>\n<p>\u0110\u1ea7u v\u00f2i n\u01b0\u1edbc KM6061EC \u0111\u01b0\u1ee3c trang b\u1ecb l\u01b0\u1edbi l\u1ecdc k\u00e9p. Ch\u00fang kh\u00f4ng ch\u1ec9 gi\u00fap t\u1ea1o b\u1ecdt m\u00e0 c\u00f2n l\u1ecdc c\u1eb7n trong n\u01b0\u1edbc m\u1ed9t c\u00e1ch hi\u1ec7u qu\u1ea3, mang l\u1ea1i ngu\u1ed3n n\u01b0\u1edbc d\u00f9ng s\u1ea1ch s\u1ebd, an to\u00e0n. Khi c\u1ea7n v\u1ec7 sinh, ng\u01b0\u1eddi sinh c\u00f3 th\u1ec3 d\u1ec5 d\u00e0ng th\u00e1o n\u00f3 ra ch\u1ec9 v\u1edbi thao t\u00e1c v\u1eb7n xo\u00e1y.<\/p>\n<p>KVK \u0111\u00e3 s\u1eed d\u1ee5ng ch\u1ea5t li\u1ec7u \u0111\u1ed3ng m\u1ea1 crom \u0111\u1ec3 s\u1ea3n xu\u1ea5t KM6061EC. \u0110\u00e2y l\u00e0 m\u1ed9t ch\u1ea5t li\u1ec7u c\u00f3 \u0111\u1ed9 b\u1ec1n cao, \u00edt b\u1ecb oxy h\u00f3a tr\u01b0\u1edbc t\u00e1c \u0111\u1ed9ng c\u1ee7a nhi\u1ec7t \u0111\u1ed9 cao n\u00ean r\u1ea5t th\u00edch h\u1ee3p d\u00f9ng trong m\u00f4i tr\u01b0\u1eddng n\u01b0\u1edbc n\u00f3ng. H\u01a1n n\u1eefa, ch\u1ea5t li\u1ec7u n\u00e0y l\u1ea1i kh\u00f4ng ch\u1ee9a ch\u00ec, s\u1ea3n xu\u1ea5t tr\u00ean d\u00e2y chuy\u1ec1n c\u00f4ng ngh\u1ec7 hi\u1ec7n \u0111\u1ea1i n\u00ean \u0111\u1ea3m b\u1ea3o \u0111\u01b0\u1ee3c an to\u00e0n trong qu\u00e1 tr\u00ecnh s\u1eed d\u1ee5ng.<\/p>\n<p>C\u00f3 th\u1ec3 th\u1ea5y, s\u1ea3n ph\u1ea9m KM6061EC t\u1eeb KVK, Nh\u1eadt B\u1ea3n th\u1ecfa m\u00e3n \u0111\u1ea7y \u0111\u1ee7 c\u00e1c y\u00eau c\u1ea7u c\u1ea7n thi\u1ebft v\u1ec1 m\u1ed9t v\u00f2i b\u1ebfp n\u00f3ng l\u1ea1nh th\u1eddi hi\u1ec7n \u0111\u1ea1i. Thi\u1ebft k\u1ebf \u0111\u1eb9p m\u1eb7t, ti\u1ec7n d\u1ee5ng, t\u00ednh n\u0103ng v\u01b0\u1ee3t tr\u1ed9i, \u0111\u1ed9 b\u1ec1n cao. Do \u0111\u00f3, n\u1ebfu b\u1ea1n \u0111ang \u0111\u1eafn \u0111o kh\u00f4ng bi\u1ebft n\u00ean ch\u1ecdn v\u00f2i n\u00e0o cho c\u0103n b\u1ebfp c\u1ee7a m\u00ecnh th\u00ec \u0111\u00e2y l\u00e0 m\u1ed9t g\u1ee3i \u00fd \u0111\u00e1ng \u0111\u1ec3 b\u1ea1n c\u00e2n nh\u1eafc.<\/p>\n<p>V\u00f2i KM6061EC c\u00f3 2 ch\u1ebf \u0111\u1ed9 x\u1ea3 n\u01b0\u1edbc: d\u1ea1ng x\u1ea3 th\u1eb3ng v\u00e0 v\u00f2i sen. Ng\u01b0\u1eddi d\u00f9ng d\u1ec5 d\u00e0ng chuy\u1ec3n \u0111\u1ed5i gi\u1eefa 2 ch\u1ebf \u0111\u1ed9 n\u00e0y b\u1eb1ng c\u00e1ch \u1ea5n n\u00fat chuy\u1ec3n \u0111\u1ed5i \u0111\u01b0\u1ee3c b\u1ed1 tr\u00ed \u1edf ngay \u0111\u1ea7u v\u00f2i. \u0110\u1eb7c bi\u1ec7t, v\u1edbi c\u00e1c l\u1ed7 nh\u1ecf li ti \u1edf \u0111\u1ea7u v\u00f2i hoa sen v\u1eeba gi\u00fap ti\u1ebft ki\u1ec7m n\u01b0\u1edbc hi\u1ec7u qu\u1ea3 v\u1eeba tr\u00e1nh t\u00ecnh tr\u1ea1ng n\u01b0\u1edbc b\u1eafn ra xung quanh. \u0110\u00e2y c\u0169ng ch\u00ednh l\u00e0 m\u1ed9t \u0111i\u1ec3m c\u1ed9ng l\u1edbn c\u1ee7a d\u00f2ng v\u00f2i n\u00f3ng l\u1ea1nh t\u1edbi t\u1eeb h\u00e3ng KVK.<\/p>\n<p>V\u00f2i b\u1ebfp KM6061EC thi\u1ebft k\u1ebf c\u1ea7n g\u1ea1t th\u00f4ng minh v\u1edbi c\u1ea3m gi\u00e1c ch\u1ea1m t\u1ea1i v\u1ecb tr\u00ed l\u01b0\u1ee3ng n\u01b0\u1edbc ph\u00f9 h\u1ee3p. Ng\u01b0\u1eddi d\u00f9ng nhanh ch\u00f3ng nh\u1eadn bi\u1ebft \u0111ang \u1edf ch\u1ebf \u0111\u1ed9 n\u01b0\u1edbc n\u00e0o: n\u01b0\u1edbc l\u1ea1nh, n\u01b0\u1edbc h\u1ed7n h\u1ee3p, n\u01b0\u1edbc n\u00f3ng. T\u1eeb \u0111\u00f3 d\u1ec5 d\u00e0ng chuy\u1ec3n \u0111\u1ed5i ch\u1ebf \u0111\u1ed9 n\u01b0\u1edbc, l\u01b0\u1ee3ng n\u01b0\u1edbc th\u00edch h\u1ee3p.<\/p>\n<p>Ngo\u00e0i ra, s\u1eed d\u1ee5ng v\u00f2i n\u00f3ng l\u1ea1nh KM6061EC c\u00f2n gi\u00fap b\u1ea1n ti\u1ebft ki\u1ec7m n\u01b0\u1edbc n\u00f3ng hi\u1ec7u qu\u1ea3. B\u1edfi ph\u1ea7n l\u1edbn cho n\u01b0\u1edbc l\u1ea1nh ch\u1ea3y ra t\u1eeb d\u01b0\u1edbi cho t\u1edbi trung t\u00e2m n\u00ean d\u00f9 b\u1ea1n v\u00f4 t\u00ecnh thao t\u00e1c c\u1ea7n g\u1ea1t \u1edf v\u1ecb tr\u00ed trung t\u00e2m th\u00ec ch\u1ec9 c\u00f3 n\u01b0\u1edbc l\u1ea1nh ch\u1ea3y ra m\u00e0 th\u00f4i. \u0110i\u1ec1u n\u00e0y gi\u00fap n\u01b0\u1edbc n\u00f3ng kh\u00f4ng b\u1ecb x\u1ea3 ra m\u1ed9t c\u00e1ch l\u00e3ng ph\u00ed c\u0169ng nh\u01b0 tr\u00e1nh g\u00e2y nguy hi\u1ec3m, n\u00f3ng b\u1ecfng.<\/p>\n<p>\u0110\u1ea7u v\u00f2i n\u01b0\u1edbc KM6061EC \u0111\u01b0\u1ee3c trang b\u1ecb l\u01b0\u1edbi l\u1ecdc k\u00e9p. Ch\u00fang kh\u00f4ng ch\u1ec9 gi\u00fap t\u1ea1o b\u1ecdt m\u00e0 c\u00f2n l\u1ecdc c\u1eb7n trong n\u01b0\u1edbc m\u1ed9t c\u00e1ch hi\u1ec7u qu\u1ea3, mang l\u1ea1i ngu\u1ed3n n\u01b0\u1edbc d\u00f9ng s\u1ea1ch s\u1ebd, an to\u00e0n. Khi c\u1ea7n v\u1ec7 sinh, ng\u01b0\u1eddi sinh c\u00f3 th\u1ec3 d\u1ec5 d\u00e0ng th\u00e1o n\u00f3 ra ch\u1ec9 v\u1edbi thao t\u00e1c v\u1eb7n xo\u00e1y.<\/p>\n<p>KVK \u0111\u00e3 s\u1eed d\u1ee5ng ch\u1ea5t li\u1ec7u \u0111\u1ed3ng m\u1ea1 crom \u0111\u1ec3 s\u1ea3n xu\u1ea5t KM6061EC. \u0110\u00e2y l\u00e0 m\u1ed9t ch\u1ea5t li\u1ec7u c\u00f3 \u0111\u1ed9 b\u1ec1n cao, \u00edt b\u1ecb oxy h\u00f3a tr\u01b0\u1edbc t\u00e1c \u0111\u1ed9ng c\u1ee7a nhi\u1ec7t \u0111\u1ed9 cao n\u00ean r\u1ea5t th\u00edch h\u1ee3p d\u00f9ng trong m\u00f4i tr\u01b0\u1eddng n\u01b0\u1edbc n\u00f3ng. H\u01a1n n\u1eefa, ch\u1ea5t li\u1ec7u n\u00e0y l\u1ea1i kh\u00f4ng ch\u1ee9a ch\u00ec, s\u1ea3n xu\u1ea5t tr\u00ean d\u00e2y chuy\u1ec1n c\u00f4ng ngh\u1ec7 hi\u1ec7n \u0111\u1ea1i n\u00ean \u0111\u1ea3m b\u1ea3o \u0111\u01b0\u1ee3c an to\u00e0n trong qu\u00e1 tr\u00ecnh s\u1eed d\u1ee5ng.<\/p>\n<p>C\u00f3 th\u1ec3 th\u1ea5y, s\u1ea3n ph\u1ea9m KM6061EC t\u1eeb KVK, Nh\u1eadt B\u1ea3n th\u1ecfa m\u00e3n \u0111\u1ea7y \u0111\u1ee7 c\u00e1c y\u00eau c\u1ea7u c\u1ea7n thi\u1ebft v\u1ec1 m\u1ed9t v\u00f2i b\u1ebfp n\u00f3ng l\u1ea1nh th\u1eddi hi\u1ec7n \u0111\u1ea1i. Thi\u1ebft k\u1ebf \u0111\u1eb9p m\u1eb7t, ti\u1ec7n d\u1ee5ng, t\u00ednh n\u0103ng v\u01b0\u1ee3t tr\u1ed9i, \u0111\u1ed9 b\u1ec1n cao. Do \u0111\u00f3, n\u1ebfu b\u1ea1n \u0111ang \u0111\u1eafn \u0111o kh\u00f4ng bi\u1ebft n\u00ean ch\u1ecdn v\u00f2i n\u00e0o cho c\u0103n b\u1ebfp c\u1ee7a m\u00ecnh th\u00ec \u0111\u00e2y l\u00e0 m\u1ed9t g\u1ee3i \u00fd \u0111\u00e1ng \u0111\u1ec3 b\u1ea1n c\u00e2n nh\u1eafc.<\/p>\n","protected":false},"excerpt":{"rendered":"<p>M\u00e1y th\u1ed5i kh\u00ed Robuschi CRBS v\u00e0 GRBS C\u00f3 \u00c1p su\u1ea5t l\u00ean \u0111\u1ebfn 1.000 mbar, H\u00fat ch\u00e2n kh\u00f4ng l\u00ean \u0111\u1ebfn 500 mbar, L\u01b0u l\u01b0\u1ee3ng kh\u00ed l\u00ean \u0111\u1ebfn 25.000 m\u00b3 \/ h.<\/p>\n","protected":false},"featured_media":394,"comment_status":"open","ping_status":"closed","template":"","meta":[],"product_cat":[53,56,55,54,52],"product_tag":[],"yoast_head":"<!-- This site is optimized with the Yoast SEO plugin v20.7 - https:\/\/yoast.com\/wordpress\/plugins\/seo\/ -->\n<title>B\u1ed9 qu\u00e0 nh\u00e2n s\u00e2m ch\u00ednh h\u00e3ng H\u00e0n Qu\u1ed1c - samdayviet.com.vn<\/title>\n<meta name=\"robots\" content=\"noindex, follow, max-snippet:-1, max-image-preview:large, max-video-preview:-1\" \/>\n<meta property=\"og:locale\" content=\"vi_VN\" \/>\n<meta property=\"og:type\" content=\"article\" \/>\n<meta property=\"og:title\" content=\"B\u1ed9 qu\u00e0 nh\u00e2n s\u00e2m ch\u00ednh h\u00e3ng H\u00e0n Qu\u1ed1c - samdayviet.com.vn\" \/>\n<meta property=\"og:description\" content=\"M\u00e1y th\u1ed5i kh\u00ed Robuschi CRBS v\u00e0 GRBS C\u00f3 \u00c1p su\u1ea5t l\u00ean \u0111\u1ebfn 1.000 mbar, H\u00fat ch\u00e2n kh\u00f4ng l\u00ean \u0111\u1ebfn 500 mbar, L\u01b0u l\u01b0\u1ee3ng kh\u00ed l\u00ean \u0111\u1ebfn 25.000 m\u00b3 \/ h.\" \/>\n<meta property=\"og:url\" content=\"https:\/\/sam.vinastar.info\/?product=may-thoi-khi-robuschi-crbs-va-grbs-3\" \/>\n<meta property=\"og:site_name\" content=\"samdayviet.com.vn\" \/>\n<meta property=\"article:modified_time\" content=\"2023-10-12T03:18:30+00:00\" \/>\n<meta property=\"og:image\" content=\"https:\/\/sam.vinastar.info\/wp-content\/uploads\/2023\/05\/IMAGE.png\" \/>\n\t<meta property=\"og:image:width\" content=\"256\" \/>\n\t<meta property=\"og:image:height\" content=\"257\" \/>\n\t<meta property=\"og:image:type\" content=\"image\/png\" \/>\n<meta name=\"twitter:card\" content=\"summary_large_image\" \/>\n<meta name=\"twitter:label1\" content=\"\u01af\u1edbc t\u00ednh th\u1eddi gian \u0111\u1ecdc\" \/>\n\t<meta name=\"twitter:data1\" content=\"5 ph\u00fat\" \/>\n<script type=\"application\/ld+json\" class=\"yoast-schema-graph\">{\"@context\":\"https:\/\/schema.org\",\"@graph\":[{\"@type\":\"WebPage\",\"@id\":\"https:\/\/sam.vinastar.info\/?product=may-thoi-khi-robuschi-crbs-va-grbs-3\",\"url\":\"https:\/\/sam.vinastar.info\/?product=may-thoi-khi-robuschi-crbs-va-grbs-3\",\"name\":\"B\u1ed9 qu\u00e0 nh\u00e2n s\u00e2m ch\u00ednh h\u00e3ng H\u00e0n Qu\u1ed1c - samdayviet.com.vn\",\"isPartOf\":{\"@id\":\"https:\/\/sam.vinastar.info\/#website\"},\"datePublished\":\"2023-05-11T04:04:33+00:00\",\"dateModified\":\"2023-10-12T03:18:30+00:00\",\"breadcrumb\":{\"@id\":\"https:\/\/sam.vinastar.info\/?product=may-thoi-khi-robuschi-crbs-va-grbs-3#breadcrumb\"},\"inLanguage\":\"vi\",\"potentialAction\":[{\"@type\":\"ReadAction\",\"target\":[\"https:\/\/sam.vinastar.info\/?product=may-thoi-khi-robuschi-crbs-va-grbs-3\"]}]},{\"@type\":\"BreadcrumbList\",\"@id\":\"https:\/\/sam.vinastar.info\/?product=may-thoi-khi-robuschi-crbs-va-grbs-3#breadcrumb\",\"itemListElement\":[{\"@type\":\"ListItem\",\"position\":1,\"name\":\"Trang ch\u1ee7\",\"item\":\"https:\/\/sam.vinastar.info\/\"},{\"@type\":\"ListItem\",\"position\":2,\"name\":\"C\u1eeda h\u00e0ng\",\"item\":\"https:\/\/sam.vinastar.info\/?page_id=8\"},{\"@type\":\"ListItem\",\"position\":3,\"name\":\"B\u1ed9 qu\u00e0 nh\u00e2n s\u00e2m ch\u00ednh h\u00e3ng H\u00e0n Qu\u1ed1c\"}]},{\"@type\":\"WebSite\",\"@id\":\"https:\/\/sam.vinastar.info\/#website\",\"url\":\"https:\/\/sam.vinastar.info\/\",\"name\":\"samdayviet.com.vn\",\"description\":\"samdayviet.com.vn\",\"potentialAction\":[{\"@type\":\"SearchAction\",\"target\":{\"@type\":\"EntryPoint\",\"urlTemplate\":\"https:\/\/sam.vinastar.info\/?s={search_term_string}\"},\"query-input\":\"required name=search_term_string\"}],\"inLanguage\":\"vi\"}]}<\/script>\n<!-- \/ Yoast SEO plugin. -->","yoast_head_json":{"title":"B\u1ed9 qu\u00e0 nh\u00e2n s\u00e2m ch\u00ednh h\u00e3ng H\u00e0n Qu\u1ed1c - samdayviet.com.vn","robots":{"index":"noindex","follow":"follow","max-snippet":"max-snippet:-1","max-image-preview":"max-image-preview:large","max-video-preview":"max-video-preview:-1"},"og_locale":"vi_VN","og_type":"article","og_title":"B\u1ed9 qu\u00e0 nh\u00e2n s\u00e2m ch\u00ednh h\u00e3ng H\u00e0n Qu\u1ed1c - samdayviet.com.vn","og_description":"M\u00e1y th\u1ed5i kh\u00ed Robuschi CRBS v\u00e0 GRBS C\u00f3 \u00c1p su\u1ea5t l\u00ean \u0111\u1ebfn 1.000 mbar, H\u00fat ch\u00e2n kh\u00f4ng l\u00ean \u0111\u1ebfn 500 mbar, L\u01b0u l\u01b0\u1ee3ng kh\u00ed l\u00ean \u0111\u1ebfn 25.000 m\u00b3 \/ h.","og_url":"https:\/\/sam.vinastar.info\/?product=may-thoi-khi-robuschi-crbs-va-grbs-3","og_site_name":"samdayviet.com.vn","article_modified_time":"2023-10-12T03:18:30+00:00","og_image":[{"width":256,"height":257,"url":"https:\/\/sam.vinastar.info\/wp-content\/uploads\/2023\/05\/IMAGE.png","type":"image\/png"}],"twitter_card":"summary_large_image","twitter_misc":{"\u01af\u1edbc t\u00ednh th\u1eddi gian \u0111\u1ecdc":"5 ph\u00fat"},"schema":{"@context":"https:\/\/schema.org","@graph":[{"@type":"WebPage","@id":"https:\/\/sam.vinastar.info\/?product=may-thoi-khi-robuschi-crbs-va-grbs-3","url":"https:\/\/sam.vinastar.info\/?product=may-thoi-khi-robuschi-crbs-va-grbs-3","name":"B\u1ed9 qu\u00e0 nh\u00e2n s\u00e2m ch\u00ednh h\u00e3ng H\u00e0n Qu\u1ed1c - samdayviet.com.vn","isPartOf":{"@id":"https:\/\/sam.vinastar.info\/#website"},"datePublished":"2023-05-11T04:04:33+00:00","dateModified":"2023-10-12T03:18:30+00:00","breadcrumb":{"@id":"https:\/\/sam.vinastar.info\/?product=may-thoi-khi-robuschi-crbs-va-grbs-3#breadcrumb"},"inLanguage":"vi","potentialAction":[{"@type":"ReadAction","target":["https:\/\/sam.vinastar.info\/?product=may-thoi-khi-robuschi-crbs-va-grbs-3"]}]},{"@type":"BreadcrumbList","@id":"https:\/\/sam.vinastar.info\/?product=may-thoi-khi-robuschi-crbs-va-grbs-3#breadcrumb","itemListElement":[{"@type":"ListItem","position":1,"name":"Trang ch\u1ee7","item":"https:\/\/sam.vinastar.info\/"},{"@type":"ListItem","position":2,"name":"C\u1eeda h\u00e0ng","item":"https:\/\/sam.vinastar.info\/?page_id=8"},{"@type":"ListItem","position":3,"name":"B\u1ed9 qu\u00e0 nh\u00e2n s\u00e2m ch\u00ednh h\u00e3ng H\u00e0n Qu\u1ed1c"}]},{"@type":"WebSite","@id":"https:\/\/sam.vinastar.info\/#website","url":"https:\/\/sam.vinastar.info\/","name":"samdayviet.com.vn","description":"samdayviet.com.vn","potentialAction":[{"@type":"SearchAction","target":{"@type":"EntryPoint","urlTemplate":"https:\/\/sam.vinastar.info\/?s={search_term_string}"},"query-input":"required name=search_term_string"}],"inLanguage":"vi"}]}},"_links":{"self":[{"href":"https:\/\/sam.vinastar.info\/index.php?rest_route=\/wp\/v2\/product\/178"}],"collection":[{"href":"https:\/\/sam.vinastar.info\/index.php?rest_route=\/wp\/v2\/product"}],"about":[{"href":"https:\/\/sam.vinastar.info\/index.php?rest_route=\/wp\/v2\/types\/product"}],"replies":[{"embeddable":true,"href":"https:\/\/sam.vinastar.info\/index.php?rest_route=%2Fwp%2Fv2%2Fcomments&post=178"}],"wp:featuredmedia":[{"embeddable":true,"href":"https:\/\/sam.vinastar.info\/index.php?rest_route=\/wp\/v2\/media\/394"}],"wp:attachment":[{"href":"https:\/\/sam.vinastar.info\/index.php?rest_route=%2Fwp%2Fv2%2Fmedia&parent=178"}],"wp:term":[{"taxonomy":"product_cat","embeddable":true,"href":"https:\/\/sam.vinastar.info\/index.php?rest_route=%2Fwp%2Fv2%2Fproduct_cat&post=178"},{"taxonomy":"product_tag","embeddable":true,"href":"https:\/\/sam.vinastar.info\/index.php?rest_route=%2Fwp%2Fv2%2Fproduct_tag&post=178"}],"curies":[{"name":"wp","href":"https:\/\/api.w.org\/{rel}","templated":true}]}}