{"id":18,"date":"2023-05-10T09:08:48","date_gmt":"2023-05-10T09:08:48","guid":{"rendered":"https:\/\/dietmoitangocgiare.net\/?page_id=18"},"modified":"2023-05-10T09:08:48","modified_gmt":"2023-05-10T09:08:48","slug":"chinh-sach-dai-ly","status":"publish","type":"page","link":"https:\/\/sam.vinastar.info\/?page_id=18","title":{"rendered":"Ch\u00ednh s\u00e1ch \u0111\u1ea1i l\u00fd"},"content":{"rendered":"","protected":false},"excerpt":{"rendered":"","protected":false},"author":1,"featured_media":0,"parent":0,"menu_order":0,"comment_status":"closed","ping_status":"closed","template":"","meta":{"footnotes":""},"yoast_head":"<!-- This site is optimized with the Yoast SEO plugin v20.7 - https:\/\/yoast.com\/wordpress\/plugins\/seo\/ -->\n<title>Ch\u00ednh s\u00e1ch \u0111\u1ea1i l\u00fd - samdayviet.com.vn<\/title>\n<meta name=\"robots\" content=\"noindex, follow, max-snippet:-1, max-image-preview:large, max-video-preview:-1\" \/>\n<meta property=\"og:locale\" content=\"vi_VN\" \/>\n<meta property=\"og:type\" content=\"article\" \/>\n<meta property=\"og:title\" content=\"Ch\u00ednh s\u00e1ch \u0111\u1ea1i l\u00fd - samdayviet.com.vn\" \/>\n<meta property=\"og:url\" content=\"https:\/\/sam.vinastar.info\/?page_id=18\" \/>\n<meta property=\"og:site_name\" content=\"samdayviet.com.vn\" \/>\n<meta name=\"twitter:card\" content=\"summary_large_image\" \/>\n<script type=\"application\/ld+json\" class=\"yoast-schema-graph\">{\"@context\":\"https:\/\/schema.org\",\"@graph\":[{\"@type\":\"WebPage\",\"@id\":\"https:\/\/sam.vinastar.info\/?page_id=18\",\"url\":\"https:\/\/sam.vinastar.info\/?page_id=18\",\"name\":\"Ch\u00ednh s\u00e1ch \u0111\u1ea1i l\u00fd - samdayviet.com.vn\",\"isPartOf\":{\"@id\":\"https:\/\/sam.vinastar.info\/#website\"},\"datePublished\":\"2023-05-10T09:08:48+00:00\",\"dateModified\":\"2023-05-10T09:08:48+00:00\",\"breadcrumb\":{\"@id\":\"https:\/\/sam.vinastar.info\/?page_id=18#breadcrumb\"},\"inLanguage\":\"vi\",\"potentialAction\":[{\"@type\":\"ReadAction\",\"target\":[\"https:\/\/sam.vinastar.info\/?page_id=18\"]}]},{\"@type\":\"BreadcrumbList\",\"@id\":\"https:\/\/sam.vinastar.info\/?page_id=18#breadcrumb\",\"itemListElement\":[{\"@type\":\"ListItem\",\"position\":1,\"name\":\"Trang ch\u1ee7\",\"item\":\"https:\/\/sam.vinastar.info\/\"},{\"@type\":\"ListItem\",\"position\":2,\"name\":\"Ch\u00ednh s\u00e1ch \u0111\u1ea1i l\u00fd\"}]},{\"@type\":\"WebSite\",\"@id\":\"https:\/\/sam.vinastar.info\/#website\",\"url\":\"https:\/\/sam.vinastar.info\/\",\"name\":\"samdayviet.com.vn\",\"description\":\"samdayviet.com.vn\",\"potentialAction\":[{\"@type\":\"SearchAction\",\"target\":{\"@type\":\"EntryPoint\",\"urlTemplate\":\"https:\/\/sam.vinastar.info\/?s={search_term_string}\"},\"query-input\":\"required name=search_term_string\"}],\"inLanguage\":\"vi\"}]}<\/script>\n<!-- \/ Yoast SEO plugin. -->","yoast_head_json":{"title":"Ch\u00ednh s\u00e1ch \u0111\u1ea1i l\u00fd - samdayviet.com.vn","robots":{"index":"noindex","follow":"follow","max-snippet":"max-snippet:-1","max-image-preview":"max-image-preview:large","max-video-preview":"max-video-preview:-1"},"og_locale":"vi_VN","og_type":"article","og_title":"Ch\u00ednh s\u00e1ch \u0111\u1ea1i l\u00fd - samdayviet.com.vn","og_url":"https:\/\/sam.vinastar.info\/?page_id=18","og_site_name":"samdayviet.com.vn","twitter_card":"summary_large_image","schema":{"@context":"https:\/\/schema.org","@graph":[{"@type":"WebPage","@id":"https:\/\/sam.vinastar.info\/?page_id=18","url":"https:\/\/sam.vinastar.info\/?page_id=18","name":"Ch\u00ednh s\u00e1ch \u0111\u1ea1i l\u00fd - samdayviet.com.vn","isPartOf":{"@id":"https:\/\/sam.vinastar.info\/#website"},"datePublished":"2023-05-10T09:08:48+00:00","dateModified":"2023-05-10T09:08:48+00:00","breadcrumb":{"@id":"https:\/\/sam.vinastar.info\/?page_id=18#breadcrumb"},"inLanguage":"vi","potentialAction":[{"@type":"ReadAction","target":["https:\/\/sam.vinastar.info\/?page_id=18"]}]},{"@type":"BreadcrumbList","@id":"https:\/\/sam.vinastar.info\/?page_id=18#breadcrumb","itemListElement":[{"@type":"ListItem","position":1,"name":"Trang ch\u1ee7","item":"https:\/\/sam.vinastar.info\/"},{"@type":"ListItem","position":2,"name":"Ch\u00ednh s\u00e1ch \u0111\u1ea1i l\u00fd"}]},{"@type":"WebSite","@id":"https:\/\/sam.vinastar.info\/#website","url":"https:\/\/sam.vinastar.info\/","name":"samdayviet.com.vn","description":"samdayviet.com.vn","potentialAction":[{"@type":"SearchAction","target":{"@type":"EntryPoint","urlTemplate":"https:\/\/sam.vinastar.info\/?s={search_term_string}"},"query-input":"required name=search_term_string"}],"inLanguage":"vi"}]}},"_links":{"self":[{"href":"https:\/\/sam.vinastar.info\/index.php?rest_route=\/wp\/v2\/pages\/18"}],"collection":[{"href":"https:\/\/sam.vinastar.info\/index.php?rest_route=\/wp\/v2\/pages"}],"about":[{"href":"https:\/\/sam.vinastar.info\/index.php?rest_route=\/wp\/v2\/types\/page"}],"author":[{"embeddable":true,"href":"https:\/\/sam.vinastar.info\/index.php?rest_route=\/wp\/v2\/users\/1"}],"replies":[{"embeddable":true,"href":"https:\/\/sam.vinastar.info\/index.php?rest_route=%2Fwp%2Fv2%2Fcomments&post=18"}],"version-history":[{"count":1,"href":"https:\/\/sam.vinastar.info\/index.php?rest_route=\/wp\/v2\/pages\/18\/revisions"}],"predecessor-version":[{"id":19,"href":"https:\/\/sam.vinastar.info\/index.php?rest_route=\/wp\/v2\/pages\/18\/revisions\/19"}],"wp:attachment":[{"href":"https:\/\/sam.vinastar.info\/index.php?rest_route=%2Fwp%2Fv2%2Fmedia&parent=18"}],"curies":[{"name":"wp","href":"https:\/\/api.w.org\/{rel}","templated":true}]}}